{"id":12,"date":"2016-09-04T11:46:16","date_gmt":"2016-09-04T11:46:16","guid":{"rendered":"http:\/\/anke-simon-spd.de\/?page_id=12"},"modified":"2017-05-11T10:50:00","modified_gmt":"2017-05-11T10:50:00","slug":"kontakt","status":"publish","type":"page","link":"https:\/\/www.anke-simon-spd.de\/?page_id=12","title":{"rendered":"Kontakt"},"content":{"rendered":"<h1>B\u00fcrgerb\u00fcro<\/h1>\n<h4>Adresse<\/h4>\n<ul>\n<li>Oberstra\u00dfe 15a<\/li>\n<li>67065 Ludwigshafen<\/li>\n<\/ul>\n<h3>Kontakt<\/h3>\n<ul>\n<li>Telefon: 0621 \/ 57 25 13 30<\/li>\n<li>Fax: 0621 \/ 57 25 13 20<\/li>\n<li>Email: <a href=\"mailto:wk-buero@anke-simon-spd.de\">wk-buero@anke-simon-spd.de<\/a><\/li>\n<\/ul>\n<p>&nbsp;<\/p>\n<p>&nbsp;<\/p>\n<h1>Landtag<\/h1>\n<h3>Adresse<\/h3>\n<ul>\n<li>Kaiser-Friedrich-Stra\u00dfe 3<\/li>\n<li>55116 Mainz<\/li>\n<\/ul>\n<h3>Kontakt<\/h3>\n<ul>\n<li>Telefon: 06131 \/ 208 &#8211; 3434<\/li>\n<li>Fax: 06131 \/ 208 &#8211; 4434<\/li>\n<li>Email: <a href=\"mailto:Anke.Simon@spd.landtag.rlp.de\">Anke.Simon@spd.landtag.rlp.de<\/a><\/li>\n<\/ul>\n","protected":false},"excerpt":{"rendered":"<p>B\u00fcrgerb\u00fcro Adresse Oberstra\u00dfe 15a 67065 Ludwigshafen Kontakt Telefon: 0621 \/ 57 25 13 30 Fax: 0621 \/ 57 25 13 20 Email: wk-buero@anke-simon-spd.de &nbsp; &nbsp; Landtag Adresse Kaiser-Friedrich-Stra\u00dfe 3 55116 Mainz Kontakt Telefon: 06131 \/ 208 &#8211; 3434 Fax: 06131&#8230; <a class=\"more-link\" href=\"https:\/\/www.anke-simon-spd.de\/?page_id=12\">Weiterlesen &rarr;<\/a><\/p>\n","protected":false},"author":1,"featured_media":0,"parent":0,"menu_order":0,"comment_status":"closed","ping_status":"closed","template":"","meta":[],"_links":{"self":[{"href":"https:\/\/www.anke-simon-spd.de\/index.php?rest_route=\/wp\/v2\/pages\/12"}],"collection":[{"href":"https:\/\/www.anke-simon-spd.de\/index.php?rest_route=\/wp\/v2\/pages"}],"about":[{"href":"https:\/\/www.anke-simon-spd.de\/index.php?rest_route=\/wp\/v2\/types\/page"}],"author":[{"embeddable":true,"href":"https:\/\/www.anke-simon-spd.de\/index.php?rest_route=\/wp\/v2\/users\/1"}],"replies":[{"embeddable":true,"href":"https:\/\/www.anke-simon-spd.de\/index.php?rest_route=%2Fwp%2Fv2%2Fcomments&post=12"}],"version-history":[{"count":8,"href":"https:\/\/www.anke-simon-spd.de\/index.php?rest_route=\/wp\/v2\/pages\/12\/revisions"}],"predecessor-version":[{"id":52,"href":"https:\/\/www.anke-simon-spd.de\/index.php?rest_route=\/wp\/v2\/pages\/12\/revisions\/52"}],"wp:attachment":[{"href":"https:\/\/www.anke-simon-spd.de\/index.php?rest_route=%2Fwp%2Fv2%2Fmedia&parent=12"}],"curies":[{"name":"wp","href":"https:\/\/api.w.org\/{rel}","templated":true}]}}