{"id":4,"date":"2016-09-04T11:42:54","date_gmt":"2016-09-04T11:42:54","guid":{"rendered":"http:\/\/anke-simon-spd.de\/?page_id=4"},"modified":"2022-09-21T18:44:51","modified_gmt":"2022-09-21T17:44:51","slug":"ueber-mich","status":"publish","type":"page","link":"https:\/\/www.anke-simon-spd.de\/?page_id=4","title":{"rendered":"\u00dcber mich"},"content":{"rendered":"<h3>Anke Simon<\/h3>\n<ul>\n<li>Geburtsdatum:\u00a031. M\u00e4rz 1963<\/li>\n<li>Familienstand:\u00a0verheiratet<\/li>\n<li>Kinder:\u00a02<\/li>\n<\/ul>\n<h4><\/h4>\n<h4>Ausbildung, beruflicher Werdegang:<\/h4>\n<ul>\n<li>Mittlere Reife<\/li>\n<li>Ausbildung zur Bankkauffrau<\/li>\n<li>Besch\u00e4ftigt bei der Sparkasse Vorderpfalz in Ludwigshafen<\/li>\n<li>seit 2011: Besch\u00e4ftigungsverh\u00e4ltnis ruht<\/li>\n<\/ul>\n<h4><\/h4>\n<h4>Politische und gesellschaftliche Funktionen:<\/h4>\n<table>\n<tbody>\n<tr>\n<td>1993<br \/>\n1998 &#8211; 2004<br \/>\n2004<br \/>\n2014<br \/>\n1994 &#8211; 2004<br \/>\n2004<br \/>\n2004<br \/>\n2011<br \/>\n2014<br \/>\n2015 &#8211; 2021<\/td>\n<td>Mitglied der SPD<br \/>\nVorsitzende des SPD-Ortsverbands Ludwigshafen-Mundenheim<br \/>\nStellv. Vorsitzende des SPD-Ortsverbands Ludwigshafen-Mundenheim<br \/>\nStellv. Vorsitzende des SPD-Stadtverbands Ludwigshafen<br \/>\nMitglied des Ortsbeirats Ludwigshafen-Mundenheim<br \/>\nOrtsvorsteherin von Ludwigshafen-Mundenheim<br \/>\nMitglied des Stadtrats Ludwigshafen<br \/>\nMitglied des Landtages<br \/>\nBeisitzerin im Vorstand des SPD-Stadtverbands Ludwigshafen<br \/>\nMitglied des St\u00e4dtetags Rheinland-Pfalz<\/td>\n<\/tr>\n<\/tbody>\n<\/table>\n<h4><\/h4>\n<h4>Gremienarbeit im Stadtrat Ludwigshafen am Rhein:<\/h4>\n<ul>\n<li>Mitglied im Aufsichtsrat des Klinikum LU<\/li>\n<li>Mitglied im Bau- und Grundst\u00fccksausschuss Ludwigshafen<\/li>\n<li>Mitglied im Hauptausschuss<\/li>\n<li>Mitglied im Personalausschuss Ludwigshafen<\/li>\n<li>Stv. Mitglied im Umweltausschuss<\/li>\n<li>Stv. Mitglied im Jugendhilfeausschuss Ludwigshafen<\/li>\n<li>Stv. Vorsitzende der B\u00fcrgerinitiative offene Kinder- und Jugendarbeit Ludwigshafen<\/li>\n<li>Mitglied im Vorstand der Aidshilfe<\/li>\n<li>Mitglied bei AWO, ASB und \u00f6rtlichen Vereinen<\/li>\n<\/ul>\n<h4><\/h4>\n<h4>Gremienmitgliedschaften im Landtag:<\/h4>\n<ul>\n<li>seit 2021 Mitglied im\n<ul>\n<li>Ausschuss f\u00fcr Familie, Jugend, Integration und Verbraucherschutz<\/li>\n<li>Ausschuss f\u00fcr Wissenschaft<\/li>\n<li>Ausschuss f\u00fcr Umwelt<\/li>\n<\/ul>\n<\/li>\n<li>Vorsitzende im Ausschuss f\u00fcr Famile, Jungend, Integration und Verbraucherschutz<\/li>\n<li>Stv. Mitglied im\n<ul>\n<li>Ausschuss f\u00fcr Gesundheit<\/li>\n<li>Ausschuss f\u00fcr Inneres<\/li>\n<li>Ausschuss Haushalt und Finanzen<\/li>\n<\/ul>\n<\/li>\n<\/ul>\n","protected":false},"excerpt":{"rendered":"<p>Anke Simon Geburtsdatum:\u00a031. M\u00e4rz 1963 Familienstand:\u00a0verheiratet Kinder:\u00a02 Ausbildung, beruflicher Werdegang: Mittlere Reife Ausbildung zur Bankkauffrau Besch\u00e4ftigt bei der Sparkasse Vorderpfalz in Ludwigshafen seit 2011: Besch\u00e4ftigungsverh\u00e4ltnis ruht Politische und gesellschaftliche Funktionen: 1993 1998 &#8211; 2004 2004 2014 1994 &#8211; 2004 2004&#8230; <a class=\"more-link\" href=\"https:\/\/www.anke-simon-spd.de\/?page_id=4\">Weiterlesen &rarr;<\/a><\/p>\n","protected":false},"author":1,"featured_media":0,"parent":0,"menu_order":0,"comment_status":"closed","ping_status":"closed","template":"","meta":[],"_links":{"self":[{"href":"https:\/\/www.anke-simon-spd.de\/index.php?rest_route=\/wp\/v2\/pages\/4"}],"collection":[{"href":"https:\/\/www.anke-simon-spd.de\/index.php?rest_route=\/wp\/v2\/pages"}],"about":[{"href":"https:\/\/www.anke-simon-spd.de\/index.php?rest_route=\/wp\/v2\/types\/page"}],"author":[{"embeddable":true,"href":"https:\/\/www.anke-simon-spd.de\/index.php?rest_route=\/wp\/v2\/users\/1"}],"replies":[{"embeddable":true,"href":"https:\/\/www.anke-simon-spd.de\/index.php?rest_route=%2Fwp%2Fv2%2Fcomments&post=4"}],"version-history":[{"count":7,"href":"https:\/\/www.anke-simon-spd.de\/index.php?rest_route=\/wp\/v2\/pages\/4\/revisions"}],"predecessor-version":[{"id":229,"href":"https:\/\/www.anke-simon-spd.de\/index.php?rest_route=\/wp\/v2\/pages\/4\/revisions\/229"}],"wp:attachment":[{"href":"https:\/\/www.anke-simon-spd.de\/index.php?rest_route=%2Fwp%2Fv2%2Fmedia&parent=4"}],"curies":[{"name":"wp","href":"https:\/\/api.w.org\/{rel}","templated":true}]}}